{"id":249,"date":"2023-02-03T17:37:31","date_gmt":"2023-02-03T16:37:31","guid":{"rendered":"https:\/\/akademiaspoleczenstwaotwartego.pl\/?page_id=249"},"modified":"2023-02-13T14:55:42","modified_gmt":"2023-02-13T13:55:42","slug":"popierasz","status":"publish","type":"page","link":"https:\/\/akademiaspoleczenstwaotwartego.pl\/?page_id=249","title":{"rendered":"POPIERASZ?"},"content":{"rendered":"<div class=\"wp-block-image\">\n<figure class=\"aligncenter is-resized\"><img decoding=\"async\" loading=\"lazy\" src=\"https:\/\/akademiaspoleczenstwaotwartego.pl\/wp-content\/uploads\/2023\/02\/Screenshot-2023-02-03-at-17.29.24.png\" alt=\"\" class=\"wp-image-250\" width=\"442\" height=\"347\"\/><\/figure><\/div>\n\n\n<p>Ka\u017cde, nawet najdrobniejsze poparcie b\u0119dzie dla nas wa\u017cne i mile. Jeste\u015bmy cz\u0119\u015bci\u0105 Pomorskiego KOD-u ale dzia\u0142amy jako osobna dru\u017cyna i nie mamy w\u0142asnych \u015brodk\u00f3w. Je\u015bli chcesz nam pokaza\u0107 swoj\u0105 aprobat\u0119 b\u0105d\u017a naszym go\u015bciem na wyk\u0142adach, rozsy\u0142aj je na mediach, komentuj i zapraszaj do nich swoich znajomych. Je\u015bli chcesz nam pomoc materialnie b\u0119dziemy wdzi\u0119czni za wp\u0142at\u0119 na konto 62 1950 0002 2006 7267 0847 0014 z zaznaczeniem &#8216;ASO KOD POMORSKIE&#8217;. Dzi\u0119kujemy!<\/p>\n","protected":false},"excerpt":{"rendered":"<p>Ka\u017cde, nawet najdrobniejsze poparcie b\u0119dzie dla nas wa\u017cne i mile. Jeste\u015bmy cz\u0119\u015bci\u0105 Pomorskiego KOD-u ale dzia\u0142amy jako osobna dru\u017cyna i<\/p>\n","protected":false},"author":3,"featured_media":0,"parent":0,"menu_order":0,"comment_status":"closed","ping_status":"closed","template":"","meta":[],"aioseo_notices":[],"_links":{"self":[{"href":"https:\/\/akademiaspoleczenstwaotwartego.pl\/index.php?rest_route=\/wp\/v2\/pages\/249"}],"collection":[{"href":"https:\/\/akademiaspoleczenstwaotwartego.pl\/index.php?rest_route=\/wp\/v2\/pages"}],"about":[{"href":"https:\/\/akademiaspoleczenstwaotwartego.pl\/index.php?rest_route=\/wp\/v2\/types\/page"}],"author":[{"embeddable":true,"href":"https:\/\/akademiaspoleczenstwaotwartego.pl\/index.php?rest_route=\/wp\/v2\/users\/3"}],"replies":[{"embeddable":true,"href":"https:\/\/akademiaspoleczenstwaotwartego.pl\/index.php?rest_route=%2Fwp%2Fv2%2Fcomments&post=249"}],"version-history":[{"count":4,"href":"https:\/\/akademiaspoleczenstwaotwartego.pl\/index.php?rest_route=\/wp\/v2\/pages\/249\/revisions"}],"predecessor-version":[{"id":296,"href":"https:\/\/akademiaspoleczenstwaotwartego.pl\/index.php?rest_route=\/wp\/v2\/pages\/249\/revisions\/296"}],"wp:attachment":[{"href":"https:\/\/akademiaspoleczenstwaotwartego.pl\/index.php?rest_route=%2Fwp%2Fv2%2Fmedia&parent=249"}],"curies":[{"name":"wp","href":"https:\/\/api.w.org\/{rel}","templated":true}]}}