{"id":222,"date":"2023-02-01T17:08:39","date_gmt":"2023-02-01T16:08:39","guid":{"rendered":"https:\/\/akademiaspoleczenstwaotwartego.pl\/?page_id=222"},"modified":"2023-04-26T18:18:41","modified_gmt":"2023-04-26T17:18:41","slug":"nasz-zespol","status":"publish","type":"page","link":"https:\/\/akademiaspoleczenstwaotwartego.pl\/?page_id=222","title":{"rendered":"NASZ ZESP\u00d3\u0141\u00a0"},"content":{"rendered":"<table data-tablestyle=\"MsoTableGrid\" data-tablelook=\"1696\" aria-rowcount=\"15\">\n<tbody>\n<tr aria-rowindex=\"1\">\n<td data-celllook=\"0\">MA\u0141GORZATA ANTUSZEWICZ<\/p>\n<p><img decoding=\"async\" loading=\"lazy\" class=\"alignnone size-medium wp-image-378\" src=\"https:\/\/akademiaspoleczenstwaotwartego.pl\/wp-content\/uploads\/2023\/03\/334206023_1231916660758400_8472957215690304373_n-300x258.jpg\" alt=\"\" width=\"300\" height=\"258\" srcset=\"https:\/\/akademiaspoleczenstwaotwartego.pl\/wp-content\/uploads\/2023\/03\/334206023_1231916660758400_8472957215690304373_n-300x258.jpg 300w, https:\/\/akademiaspoleczenstwaotwartego.pl\/wp-content\/uploads\/2023\/03\/334206023_1231916660758400_8472957215690304373_n.jpg 686w\" sizes=\"(max-width: 300px) 100vw, 300px\" \/><br \/>\n<span data-ccp-props=\"{&quot;201341983&quot;:0,&quot;335551550&quot;:6,&quot;335551620&quot;:6,&quot;335559740&quot;:259}\">\u00a0<\/span><\/td>\n<td data-celllook=\"0\"><span data-ccp-props=\"{&quot;201341983&quot;:0,&quot;335559740&quot;:259}\">\u00a0<\/span><\/td>\n<td data-celllook=\"0\"><span data-ccp-props=\"{&quot;201341983&quot;:0,&quot;335559740&quot;:259}\">D<\/span><span data-contrast=\"none\">oktor nauk humanistycznych; literaturoznawczyni; nauczycielka j\u0119zyka polskiego w szkole podstawowej; autorka artyku\u0142\u00f3w po\u015bwi\u0119conych dydaktyce polonistycznej; uczestniczka Kongres\u00f3w Dydaktyki Polonistycznej; fotografka; aktywna dzia\u0142aczka Komitetu Obrony Demokracji; od lutego 2020 cz\u0142onkini Zarz\u0105du Regionu Pomorskiego.<\/span><span data-ccp-props=\"{&quot;201341983&quot;:0,&quot;335551550&quot;:6,&quot;335551620&quot;:6,&quot;335559740&quot;:259}\">\u00a0<\/span><\/td>\n<\/tr>\n<tr aria-rowindex=\"3\">\n<td data-celllook=\"0\"><\/td>\n<td data-celllook=\"0\"><span data-ccp-props=\"{&quot;201341983&quot;:0,&quot;335559740&quot;:259}\">\u00a0<\/span><\/td>\n<td data-celllook=\"0\"><\/td>\n<\/tr>\n<tr aria-rowindex=\"4\">\n<td data-celllook=\"0\"><span data-contrast=\"auto\">IWONA DETTLAFF<\/span><span data-ccp-props=\"{&quot;201341983&quot;:0,&quot;335559740&quot;:259}\">\u00a0<\/span><img decoding=\"async\" loading=\"lazy\" class=\"alignnone size-medium wp-image-265\" src=\"https:\/\/akademiaspoleczenstwaotwartego.pl\/wp-content\/uploads\/2023\/02\/IMG_5274-300x252.jpg\" alt=\"\" width=\"300\" height=\"252\" srcset=\"https:\/\/akademiaspoleczenstwaotwartego.pl\/wp-content\/uploads\/2023\/02\/IMG_5274-300x252.jpg 300w, https:\/\/akademiaspoleczenstwaotwartego.pl\/wp-content\/uploads\/2023\/02\/IMG_5274.jpg 505w\" sizes=\"(max-width: 300px) 100vw, 300px\" \/><\/td>\n<td data-celllook=\"0\"><span data-ccp-props=\"{&quot;201341983&quot;:0,&quot;335559740&quot;:259}\">\u00a0<\/span><\/td>\n<td data-celllook=\"0\"><span style=\"font-weight: 400;\">Prawniczka z zawodu,\u00a0 na emeryturze <\/span><span style=\"font-weight: 400;\">t\u0142umaczka <\/span><span style=\"font-weight: 400;\">z j\u0119zyka polskiego na angielski i odwrotnie. Z zami\u0142owania ogrodniczka i podr\u00f3\u017cniczka. Zaanga\u017cowana w Stowarzyszeniu Never Again \/ Nigdy Wi\u0119cej oraz Komitecie Obrony Demokracji. <\/span><\/td>\n<\/tr>\n<tr aria-rowindex=\"5\">\n<td data-celllook=\"0\"><\/td>\n<td data-celllook=\"0\"><span data-ccp-props=\"{&quot;201341983&quot;:0,&quot;335559740&quot;:259}\">\u00a0<\/span><\/td>\n<td data-celllook=\"0\"><span data-ccp-props=\"{&quot;201341983&quot;:0,&quot;335559740&quot;:259}\">\u00a0<\/span><\/td>\n<\/tr>\n<tr aria-rowindex=\"6\">\n<td data-celllook=\"0\"><span data-ccp-props=\"{&quot;201341983&quot;:0,&quot;335559740&quot;:259}\">BEATA PAWLIK<\/span><img decoding=\"async\" loading=\"lazy\" class=\"alignnone size-medium wp-image-263\" src=\"https:\/\/akademiaspoleczenstwaotwartego.pl\/wp-content\/uploads\/2023\/02\/322467760_493792709572127_3325534894951698564_n-300x201.png\" alt=\"\" width=\"300\" height=\"201\" srcset=\"https:\/\/akademiaspoleczenstwaotwartego.pl\/wp-content\/uploads\/2023\/02\/322467760_493792709572127_3325534894951698564_n-300x201.png 300w, https:\/\/akademiaspoleczenstwaotwartego.pl\/wp-content\/uploads\/2023\/02\/322467760_493792709572127_3325534894951698564_n-1024x685.png 1024w, https:\/\/akademiaspoleczenstwaotwartego.pl\/wp-content\/uploads\/2023\/02\/322467760_493792709572127_3325534894951698564_n-768x514.png 768w, https:\/\/akademiaspoleczenstwaotwartego.pl\/wp-content\/uploads\/2023\/02\/322467760_493792709572127_3325534894951698564_n-1536x1028.png 1536w, https:\/\/akademiaspoleczenstwaotwartego.pl\/wp-content\/uploads\/2023\/02\/322467760_493792709572127_3325534894951698564_n-2048x1371.png 2048w\" sizes=\"(max-width: 300px) 100vw, 300px\" \/><\/td>\n<td data-celllook=\"0\"><span data-ccp-props=\"{&quot;201341983&quot;:0,&quot;335559740&quot;:259}\">\u00a0<\/span><\/td>\n<td data-celllook=\"0\">\n<p class=\"p1\">Doktor nauk humanistycznych, autorka publikacji z zakresu psychologii, tw\u00f3rczyni naukowych podstaw terapii z udzia\u0142em zwierz\u0105t w Polsce, prezeska Stowarzyszenia Edukator\u00f3w i Terapeut\u00f3w &#8220;Zaczarowani&#8221;, cz\u0142onkini Komitetu Obrony Demokracji.<\/p>\n<\/td>\n<\/tr>\n<tr aria-rowindex=\"7\">\n<td data-celllook=\"0\"><\/td>\n<td data-celllook=\"0\"><\/td>\n<td data-celllook=\"0\"><\/td>\n<\/tr>\n<tr aria-rowindex=\"8\">\n<td data-celllook=\"0\">PIOTR KUROPATWINSKI<\/p>\n<p><img decoding=\"async\" loading=\"lazy\" class=\"alignnone size-medium wp-image-387\" src=\"https:\/\/akademiaspoleczenstwaotwartego.pl\/wp-content\/uploads\/2023\/03\/20220928_099-300x239.jpeg\" alt=\"\" width=\"300\" height=\"239\" srcset=\"https:\/\/akademiaspoleczenstwaotwartego.pl\/wp-content\/uploads\/2023\/03\/20220928_099-300x239.jpeg 300w, https:\/\/akademiaspoleczenstwaotwartego.pl\/wp-content\/uploads\/2023\/03\/20220928_099-1024x815.jpeg 1024w, https:\/\/akademiaspoleczenstwaotwartego.pl\/wp-content\/uploads\/2023\/03\/20220928_099-768x611.jpeg 768w, https:\/\/akademiaspoleczenstwaotwartego.pl\/wp-content\/uploads\/2023\/03\/20220928_099.jpeg 1328w\" sizes=\"(max-width: 300px) 100vw, 300px\" \/><\/td>\n<td data-celllook=\"0\"><\/td>\n<td data-celllook=\"0\">\n<p class=\"p1\">Doktor ekonomii, emerytowany starszy wyk\u0142adowca Katedry Polityki Gospodarczej Wydzia\u0142u Ekonomicznego Uniwersytetu Gda\u0144skiego. Wieloletni wyk\u0142adowca ekonomii w Gda\u0144skiej Fundacji Szkolenia Menad\u017cer\u00f3w oraz Szkole Wy\u017cszej im. Bogdana Ja\u0144skiego w Elbl\u0105gu. Wsp\u00f3\u0142pracownik Gda\u0144skiej Akademii Bankowej, stypendysta Fundacji Ko\u015bciuszkowskiej, German Marshall Fund of the United States, Fundacji Dekaban Liddle na Uniwersytecie w Glasgow. Koordynator zespo\u0142u t\u0142umaczy pierwszego podr\u0119cznika wsp\u00f3\u0142czesnej ekonomii wydanego pod auspicjami Fundacji Gospodarczej NSZZ Solidarno\u015b\u0107 w 1991 roku autorstwa R.McKenzie i in. a tak\u017ce wielu opracowa\u0144 po\u015bwi\u0119conych ekonomii, integracji europejskiej, bankowo\u015bci, finans\u00f3w oraz szeregu innych tekst\u00f3w dotycz\u0105cych zarz\u0105dzania strategicznego oraz rozwoju organizacyjnego. Autor rozdzia\u0142\u00f3w podr\u0119cznika \u201ePolityka gospodarcza\u201d po\u015bwi\u0119conych charakterystyce systemu gospodarczego PRL oraz reformom okresu transformacji ustrojowej lat 1989-90. Uczestnik 16 mi\u0119dzynarodowych konferencji planowania rowerowego Velo-City, wsp\u00f3\u0142autor Plan\u00f3w Zr\u00f3wnowa\u017conej Mobilno\u015bci Gdyni i Gda\u0144ska, a tak\u017ce Studium Zr\u00f3wnowa\u017conej Mobilno\u015bci Sopotu.<\/p>\n<\/td>\n<\/tr>\n<tr aria-rowindex=\"9\">\n<td data-celllook=\"0\"><\/td>\n<td data-celllook=\"0\"><span data-ccp-props=\"{&quot;201341983&quot;:0,&quot;335559740&quot;:259}\">\u00a0<\/span><\/td>\n<td data-celllook=\"0\"><\/td>\n<\/tr>\n<tr aria-rowindex=\"10\">\n<td data-celllook=\"0\"><span data-ccp-props=\"{&quot;201341983&quot;:0,&quot;335559740&quot;:259}\">PAWEL POPIELARSKI<\/span><\/p>\n<p><span data-ccp-props=\"{&quot;201341983&quot;:0,&quot;335559740&quot;:259}\"><img decoding=\"async\" loading=\"lazy\" class=\"alignnone  wp-image-257\" src=\"https:\/\/akademiaspoleczenstwaotwartego.pl\/wp-content\/uploads\/2023\/02\/329100438_582177293421012_5447037301173050339_n-1-300x293.jpg\" alt=\"\" width=\"151\" height=\"147\" srcset=\"https:\/\/akademiaspoleczenstwaotwartego.pl\/wp-content\/uploads\/2023\/02\/329100438_582177293421012_5447037301173050339_n-1-300x293.jpg 300w, https:\/\/akademiaspoleczenstwaotwartego.pl\/wp-content\/uploads\/2023\/02\/329100438_582177293421012_5447037301173050339_n-1-1024x1001.jpg 1024w, https:\/\/akademiaspoleczenstwaotwartego.pl\/wp-content\/uploads\/2023\/02\/329100438_582177293421012_5447037301173050339_n-1-768x751.jpg 768w, https:\/\/akademiaspoleczenstwaotwartego.pl\/wp-content\/uploads\/2023\/02\/329100438_582177293421012_5447037301173050339_n-1-1536x1502.jpg 1536w, https:\/\/akademiaspoleczenstwaotwartego.pl\/wp-content\/uploads\/2023\/02\/329100438_582177293421012_5447037301173050339_n-1.jpg 1638w\" sizes=\"(max-width: 151px) 100vw, 151px\" \/><\/span><\/td>\n<td data-celllook=\"0\"><\/td>\n<td data-celllook=\"0\"><span data-ccp-props=\"{&quot;201341983&quot;:0,&quot;335559740&quot;:259}\">Prawnik, by\u0142y pracownik naukowy Instytutu Morskiego w Gda\u0144sku. Organizator wyk\u0142ad\u00f3w Towarzystwa Kurs\u00f3w Naukowych w Gda\u0144sku. Cz\u0142onek Komitetu Obrony Demokracji od momentu jego powstania.\u00a0\u00a0\u00a0<\/span><\/td>\n<\/tr>\n<tr aria-rowindex=\"11\">\n<td data-celllook=\"0\"><\/td>\n<td data-celllook=\"0\"><\/td>\n<td data-celllook=\"0\"><\/td>\n<\/tr>\n<tr aria-rowindex=\"12\">\n<td data-celllook=\"0\"><span data-ccp-props=\"{&quot;201341983&quot;:0,&quot;335559740&quot;:259}\">MIROSLAW PRZYLIPIAK<\/span><\/p>\n<p><img decoding=\"async\" loading=\"lazy\" class=\"alignnone  wp-image-219\" src=\"https:\/\/akademiaspoleczenstwaotwartego.pl\/wp-content\/uploads\/2023\/02\/322385095_934256647955394_1184304323807902551_n-1-258x300.jpg\" alt=\"\" width=\"136\" height=\"159\" srcset=\"https:\/\/akademiaspoleczenstwaotwartego.pl\/wp-content\/uploads\/2023\/02\/322385095_934256647955394_1184304323807902551_n-1-258x300.jpg 258w, https:\/\/akademiaspoleczenstwaotwartego.pl\/wp-content\/uploads\/2023\/02\/322385095_934256647955394_1184304323807902551_n-1.jpg 704w\" sizes=\"(max-width: 136px) 100vw, 136px\" \/><\/td>\n<td data-celllook=\"0\"><\/td>\n<td data-celllook=\"0\">\u00a0<span data-ccp-props=\"{&quot;201341983&quot;:0,&quot;335559740&quot;:259}\">Historyk i teoretyk filmu, t\u0142umacz. Stypendysta Fundacji Fulbrighta na Uniwersytecie Harvarda (1998\u20131999) oraz Fundacji Rockefellera (2002). Autor ksi\u0105\u017cek: <i>Kino stylu zerowego. Z zagadnie\u0144 estetyki filmu fabularnego<\/i> (1994; poszerzone wydanie drugie &#8211; 2016), <i>Kino najnowsze<\/i> (1999, wraz z Jerzym Szy\u0142akiem), <i>Poetyka kina dokumentalnego<\/i> (2000; Nagroda im. Boles\u0142awa Micha\u0142ka dla najlepszej ksi\u0105\u017cki filmowej roku), <i>Kino bezpo\u015brednie 1960\u20131963<\/i> (t. I, 2008), <i>Kino bezpo\u015brednie 1963\u20131970. Czas autor\u00f3w<\/i> (t. II, 2014) oraz <i>Kino bezpo\u015brednie 1963\u20131970. Mi\u0119dzy obserwacj\u0105 a ideologi\u0105<\/i> (t. III, 2014). Jest te\u017c autorem stu kilkudziesi\u0119ciu studi\u00f3w z zakresu historii i teorii kina oraz komunikowania audiowizualnego, a ponadto kilkuset recenzji filmowych. Przet\u0142umaczy\u0142 kilkadziesi\u0105t ksi\u0105\u017cek, przede wszystkim z dziedziny psychologii, filmu oraz kultury audiowizualnej. W\u015br\u00f3d nich znalaz\u0142y si\u0119 takie pozycje jak: <i>Dustin Hoffman<\/i> Ronalda Bergana (1992),\u00a0 <i>Filozofia horroru albo paradoksy uczu\u0107<\/i> No\u00ebla Carrolla (2004) i <i>Filozofia sztuki masowej<\/i> tego\u017c autora (2011). Za\u0142o\u017cyciel Akademickiej Telewizji Edukacyjnej przy Uniwersytecie Gda\u0144skim, autor kilku film\u00f3w dokumentalnych, m.in. <i>Legenda o Janku Wi\u015bniewskim<\/i> (1994) oraz <i>Czy by\u0142o kiedy tylu wspania\u0142ych ch\u0142opc\u00f3w i dziewcz\u0105t<\/i> (1997). Sprawowane liczne funkcje na Uniwersytecie Gda\u0144skim, w tym Dyrektor Instytutu Bada\u0144 nad Kultur\u0105 (2016-2020), Dyrektor Centrum Filmowego (2021 \u2013 ), cz\u0142onek Senatu UG (2016 \u2013 ) roku, prodziekan Wydzia\u0142u Filologicznego (2020 \u2013 ).\u00a0<\/span><\/td>\n<\/tr>\n<tr aria-rowindex=\"13\">\n<td data-celllook=\"0\"><\/td>\n<td data-celllook=\"0\"><\/td>\n<td data-celllook=\"0\"><\/td>\n<\/tr>\n<tr aria-rowindex=\"14\">\n<td data-celllook=\"0\"><span data-ccp-props=\"{&quot;201341983&quot;:0,&quot;335559740&quot;:259}\">STEFAN STERZYCKI\u00a0<\/span><\/p>\n<p><img decoding=\"async\" loading=\"lazy\" class=\"alignnone size-medium wp-image-61\" src=\"https:\/\/akademiaspoleczenstwaotwartego.pl\/wp-content\/uploads\/2022\/10\/cropped-Stefan-Sterzycki-2022-09-300x300.jpg\" alt=\"\" width=\"300\" height=\"300\" srcset=\"https:\/\/akademiaspoleczenstwaotwartego.pl\/wp-content\/uploads\/2022\/10\/cropped-Stefan-Sterzycki-2022-09-300x300.jpg 300w, https:\/\/akademiaspoleczenstwaotwartego.pl\/wp-content\/uploads\/2022\/10\/cropped-Stefan-Sterzycki-2022-09-150x150.jpg 150w, https:\/\/akademiaspoleczenstwaotwartego.pl\/wp-content\/uploads\/2022\/10\/cropped-Stefan-Sterzycki-2022-09.jpg 406w\" sizes=\"(max-width: 300px) 100vw, 300px\" \/><\/td>\n<td data-celllook=\"0\"><\/td>\n<td data-celllook=\"0\"><span data-ccp-props=\"{&quot;201341983&quot;:0,&quot;335559740&quot;:259}\">Informatyk, studiowa\u0142 na Politechnice Warszawskiej, z wykszta\u0142cenia ekonomista (WNE Uniwersytetu Warszawskiego). Drog\u0119 zawodow\u0105 zaczyna\u0142 w NBP jako programista, potem projektant, szef zespo\u0142u. Od 1990 pracowa\u0142 w PKO bp, od 1993 ICL plc i S&amp;T jako kierownik projekt\u00f3w, analityk i projektant w wielu projektach w Polsce i za granic\u0105<br \/>\nOd 2010 jest freelancerem i wsp\u00f3\u0142tw\u00f3rc\u0105 niewielkiej sp\u00f3\u0142ki software\u2019owej.<\/span><\/p>\n<p>Zajmuje si\u0119 jako\u015bci\u0105 wytwarzania i u\u017cywania oprogramowania i nowoczesnymi metodami prowadzenia przedsi\u0119wzi\u0119\u0107 i szkoleniem w tych dziedzinach. Jest akredytowanym trenerem metod zarz\u0105dzania (m. Inn. PRINCE 2 i Agile DSDM).\u00a0Ju\u017c na emeryturze, jednak opiekuje si\u0119 infrastruktur\u0105 komputerow\u0105 kilku firm i kilku organizacji spo\u0142ecznych (NGO).<\/p>\n<p>Lubi w\u0119dr\u00f3wki, muzykuje i majsterkuje.<\/td>\n<\/tr>\n<tr aria-rowindex=\"15\">\n<td data-celllook=\"0\"><\/td>\n<td data-celllook=\"0\"><\/td>\n<td data-celllook=\"0\"><\/td>\n<\/tr>\n<\/tbody>\n<\/table>\n<p><!--more--><\/p>\n<p><span data-ccp-props=\"{&quot;134233117&quot;:false,&quot;134233118&quot;:false,&quot;201341983&quot;:0,&quot;335551550&quot;:1,&quot;335551620&quot;:1,&quot;335559685&quot;:0,&quot;335559737&quot;:0,&quot;335559738&quot;:0,&quot;335559739&quot;:160,&quot;335559740&quot;:259}\">\u00a0<\/span><\/p>\n<p><span data-ccp-props=\"{&quot;201341983&quot;:0,&quot;335559739&quot;:160,&quot;335559740&quot;:259}\">\u00a0<\/span><\/p>\n","protected":false},"excerpt":{"rendered":"<p>MA\u0141GORZATA ANTUSZEWICZ \u00a0 \u00a0 Doktor nauk humanistycznych; literaturoznawczyni; nauczycielka j\u0119zyka polskiego w szkole podstawowej; autorka artyku\u0142\u00f3w po\u015bwi\u0119conych dydaktyce polonistycznej; uczestniczka<\/p>\n","protected":false},"author":3,"featured_media":0,"parent":0,"menu_order":0,"comment_status":"closed","ping_status":"closed","template":"","meta":[],"aioseo_notices":[],"_links":{"self":[{"href":"https:\/\/akademiaspoleczenstwaotwartego.pl\/index.php?rest_route=\/wp\/v2\/pages\/222"}],"collection":[{"href":"https:\/\/akademiaspoleczenstwaotwartego.pl\/index.php?rest_route=\/wp\/v2\/pages"}],"about":[{"href":"https:\/\/akademiaspoleczenstwaotwartego.pl\/index.php?rest_route=\/wp\/v2\/types\/page"}],"author":[{"embeddable":true,"href":"https:\/\/akademiaspoleczenstwaotwartego.pl\/index.php?rest_route=\/wp\/v2\/users\/3"}],"replies":[{"embeddable":true,"href":"https:\/\/akademiaspoleczenstwaotwartego.pl\/index.php?rest_route=%2Fwp%2Fv2%2Fcomments&post=222"}],"version-history":[{"count":17,"href":"https:\/\/akademiaspoleczenstwaotwartego.pl\/index.php?rest_route=\/wp\/v2\/pages\/222\/revisions"}],"predecessor-version":[{"id":463,"href":"https:\/\/akademiaspoleczenstwaotwartego.pl\/index.php?rest_route=\/wp\/v2\/pages\/222\/revisions\/463"}],"wp:attachment":[{"href":"https:\/\/akademiaspoleczenstwaotwartego.pl\/index.php?rest_route=%2Fwp%2Fv2%2Fmedia&parent=222"}],"curies":[{"name":"wp","href":"https:\/\/api.w.org\/{rel}","templated":true}]}}