{"id":207,"date":"2023-02-01T09:46:31","date_gmt":"2023-02-01T08:46:31","guid":{"rendered":"https:\/\/akademiaspoleczenstwaotwartego.pl\/?page_id=207"},"modified":"2023-05-24T17:57:44","modified_gmt":"2023-05-24T16:57:44","slug":"nastepny-wyklad","status":"publish","type":"page","link":"https:\/\/akademiaspoleczenstwaotwartego.pl\/?page_id=207","title":{"rendered":"Zapraszamy na nast\u0119pny wyk\u0142ad"},"content":{"rendered":"\n<p><\/p>\n\n\n<p style=\"text-align: center;\">\u00a0<\/p>\n<p style=\"text-align: center;\"><img decoding=\"async\" loading=\"lazy\" class=\"alignnone  wp-image-472\" src=\"https:\/\/akademiaspoleczenstwaotwartego.pl\/wp-content\/uploads\/2023\/05\/Screenshot-2023-05-24-at-18.50.45-300x143.png\" alt=\"\" width=\"407\" height=\"194\" srcset=\"https:\/\/akademiaspoleczenstwaotwartego.pl\/wp-content\/uploads\/2023\/05\/Screenshot-2023-05-24-at-18.50.45-300x143.png 300w, https:\/\/akademiaspoleczenstwaotwartego.pl\/wp-content\/uploads\/2023\/05\/Screenshot-2023-05-24-at-18.50.45-1024x489.png 1024w, https:\/\/akademiaspoleczenstwaotwartego.pl\/wp-content\/uploads\/2023\/05\/Screenshot-2023-05-24-at-18.50.45-768x367.png 768w, https:\/\/akademiaspoleczenstwaotwartego.pl\/wp-content\/uploads\/2023\/05\/Screenshot-2023-05-24-at-18.50.45.png 1106w\" sizes=\"(max-width: 407px) 100vw, 407px\" \/><\/p>\n<h3 style=\"text-align: center;\">\u00a0<\/h3>\n<h3 style=\"text-align: center;\"><b>Doceni\u0107 r\u00f3\u017cnorodno\u015b\u0107 ludzkiego \u015bwiata,<\/b><\/h3>\n<h3 style=\"text-align: center;\"><b>czyli matematyka m\u0105drzejsza od matematyka \u00a0<\/b><\/h3>\n<p style=\"text-align: center;\"><strong>Nasz Go\u015b\u0107<\/strong> : Profesor\u00a0TOMASZ SZAREK<\/p>\n<p>KIEDY? \u00a0 \u00a0 \u00a0 \u00a0 \u00a0 \u00a0 CZWARTEK , 25 maja 2023, godz. 18.00<\/p>\n<p>GDZIE? \u00a0 \u00a0 \u00a0 \u00a0 \u00a0 RATUSZ KULTURY, Gda\u0144sk OLIWA, ul. Opata Jacka Rybi\u0144skiego 25 \u00a0\u00a0<\/p>\n<div class=\"right frame\">\n<div class=\"field field-name-field-zdjecia\">KTO? :<\/div>\n<\/div>\n<div class=\"wywiad_skrot\">\n<p class=\"rtejustify\">Tomasz Szarek (ur. 19 wrze\u015bnia 1968 r. w\u00a0Rzeszowie) \u2013 profesor matematyki, doktor filozofii. W\u00a01992 roku uko\u0144czy\u0142 studia politechniczne &#8211; Politechnika \u015al\u0105ska w\u00a0Gliwicach. W\u00a01994 roku uko\u0144czy\u0142 studia matematyczne (matematyka teoretyczna) na\u00a0Uniwersytecie \u015al\u0105skim. Trzy lata p\u00f3\u017aniej uzyska\u0142 stopie\u0144 doktora nauk matematycznych w\u00a0Instytucie Matematycznym Polskiej Akademii Nauk, broni\u0105c pracy <em>Asymptotic stability of Markov operators acting on measures in Polish spaces<\/em>, napisanej pod kierunkiem prof. Andrzeja Lasoty. W\u00a01999 roku uko\u0144czy\u0142 studia filozoficzne w\u00a0Papieskiej Akademii Teologicznej w\u00a0Krakowie (magister filozofii).<\/p>\n<p class=\"rtejustify\">W 2004 roku zdoby\u0142 na\u00a0Uniwersytecie Jagiello\u0144skim stopie\u0144 doktora habilitowanego na\u00a0podstawie pracy <em>Invariant measures for nonexpansive Markov operators on Polish spaces<\/em>. W\u00a02008 roku uzyska\u0142 tytu\u0142 naukowy profesora nauk matematycznych. Zajmuje si\u0119 teori\u0105 proces\u00f3w stochastycznych, stochastycznymi uk\u0142adami dynamicznymi oraz\u00a0teori\u0105 fraktali. By\u0142 profesorem wizytuj\u0105cym w\u00a0wielu o\u015brodkach zagranicznych, w\u00a0tym mi\u0119dzy innymi w\u00a0Uniwersytecie w\u00a0Chicago, Instytucie Couranta w\u00a0Nowym Jorku, Uniwersytecie w\u00a0Cambridge oraz\u00a0Uniwersytecie w\u00a0Toronto. Kilka lat mieszka\u0142 w\u00a0L\u2019Aquila we\u00a0W\u0142oszech, pracuj\u0105c na\u00a0tamtejszym uniwersytecie.<\/p>\n<p class=\"rtejustify\">Zajmuje si\u0119 filozofi\u0105 &#8211; ostatnio wyda\u0142 monografi\u0119 po\u015bwi\u0119con\u0105 ameryka\u0144skiemu filozofowi analitycznemu Alvinowi Plantindze pod tytu\u0142em ,,Alvin Plantinga i\u00a0spory o\u00a0istnienie Boga\u201d (Wydawnictwo Marek Derewiecki, K\u0119ty 2015 r.).<\/p>\n<p class=\"rtejustify\">Najwi\u0119kszym jego sukcesem jest rodzina: ma \u017con\u0119 i\u00a0dw\u00f3jk\u0119 dzieci. Lubi d\u0142ugie spacery, literatur\u0119, rozmowy z\u00a0c\u00f3rk\u0105 o\u00a0przeczytanych ksi\u0105\u017ckach i\u00a0w\u0142osk\u0105 kuchni\u0119 (w\u0142\u0105czaj\u0105c w\u00a0to wino). Biega. Nie ogl\u0105da telewizji, nie czyta gazet, unika Internetu. Jest ignorantem je\u015bli chodzi o\u00a0nowoczesne technologie &#8211; do\u00a0uruchomienia bardziej skomplikowanych urz\u0105dze\u0144 potrzebuje pomocy c\u00f3rki. Interesuje si\u0119 \u017cydowsk\u0105 kaba\u0142\u0105, filozofi\u0105 procesu i\u00a0mistyk\u0105 chrze\u015bcija\u0144sk\u0105.\u00a0<\/p>\n<p class=\"rtejustify\">\u00a0<\/p>\n<\/div>\n<h3 style=\"text-align: center;\"><span style=\"font-size: 15px; color: #444444;\">photo: https:\/\/old.ug.edu.pl\/uniwersytet\/o_nas\/wybitni_i_utalentowani\/58490\/prof_tomasz_szarek_-_spotkalem_ludzi_ktorzy_mnie_inspirowali<\/span><\/h3>\n<p>\u00a0<\/p>\n<p><strong>Wyk\u0142ady\u00a0KWIETNIOWE:\u00a0<\/strong><\/p>\n<p>14.IV \u00a0<span style=\"text-decoration: underline;\">Ludowa historia Polski.<\/span> &#8211;\u00a0<strong>Adam Leszczy\u0144ski<\/strong>, historyk, socjolog, dziennikarz i publicysta, profesor Uniwersytetu SWPS<\/p>\n<p>24.IV \u00a0<span style=\"text-decoration: underline;\">Etyczne aspekty zap\u0142odnienia pozaustrojowego<\/span>\u00a0&#8211;\u00a0<strong>\u00a0prof. Janusz Limon, l<\/strong>ekarz, profesor nauk medycznychcz\u0142onek PAN i PAU, Laureat Nagrody Fundacji na Rzecz Nauki Polskiej<\/p>\n<p>27.IV <span style=\"text-decoration: underline;\">O stosunkach polsko-niemieckich raz jeszcze<\/span> &#8211;\u00a0prof.\u00a0<strong>Mi\u0142os\u0142awa Borzyszkowska-Szewczyk<\/strong>,\u00a0literaturoznawczyni z antropologicznym zaci\u0119ciem i pami\u0119cioznawczyni, badaczka pogranicza polsko-niemieckiego, profesor w Instytucie Filologii Germa\u0144skiej UG<\/p>\n<p><strong>Wyk\u0142ady MAJOWE :<\/strong><\/p>\n<p>11.V: \u00a0<span style=\"text-decoration: underline;\">Eastern Europe is Dissapearing \u00a0&#8211; Europa Wschodnia zanika\u00a0<\/span> &#8211;\u00a0<strong>Jacob Mikanowski<\/strong>, ameryka\u0144ski dziennikarz, krytyk, historyk, autor ksi\u0105\u017cki &#8220;Goodbye, Eastern Europe: An Intimate History of a Divided Land&#8221;<\/p>\n<p>18.V: \u00a0<span style=\"text-decoration: underline;\">Polacy i Niemcy \u2013 wzajemne relacje i postrzeganie<\/span> &#8211;\u00a0<strong>dr.<\/strong>\u00a0<strong>Agnieszka \u0141ada-Konefa\u0142<\/strong>\u00a0&#8211; politolo\u017cka, niemcoznawczyni, \u00a0wicedyrektorka Niemieckiego Instytutu Spraw Polskich w Darmstadt.<\/p>\n<p>25.V: \u00a0<span style=\"text-decoration: underline;\">Wielowymiarowo\u015b\u0107 \u015bwiata -v- polaryzacja pogl\u0105d\u00f3w<\/span> &#8211;\u00a0<strong>Prof.Tomasz Szarek &#8211;<\/strong>profesor nauk matematycznych i doktor filozofii z\u00a0Uniwersytetu Gda\u0144skiego.<\/p>\n<p>3 VI: \u00a0<span style=\"text-decoration: underline;\">S\u0105d s\u0105dem, a sprawiedliwo\u015b\u0107 musi by\u0107 po naszej stronie. Kultura prawna spo\u0142ecze\u0144stwa polskiego.<\/span>\u00a0&#8211;\u00a0<strong>prof.\u00a0Jerzy Zajad\u0142o &#8211;\u00a0<\/strong>prawnik i filozof, profesor nauk prawnych, specjalista w zakresie teorii i filozofii prawa<\/p>\n<p><span style=\"text-decoration: underline;\"><strong>WSPOMNIENIE Z MARCOWEGO \u00a0SPOTKANIA:\u00a0<\/strong><\/span><\/p>\n<h3><img decoding=\"async\" loading=\"lazy\" class=\"alignnone size-medium wp-image-358 aligncenter\" src=\"https:\/\/akademiaspoleczenstwaotwartego.pl\/wp-content\/uploads\/2023\/03\/Screenshot-2023-03-19-at-19.55.52-297x300.png\" alt=\"\" width=\"297\" height=\"300\" srcset=\"https:\/\/akademiaspoleczenstwaotwartego.pl\/wp-content\/uploads\/2023\/03\/Screenshot-2023-03-19-at-19.55.52-297x300.png 297w, https:\/\/akademiaspoleczenstwaotwartego.pl\/wp-content\/uploads\/2023\/03\/Screenshot-2023-03-19-at-19.55.52-768x777.png 768w, https:\/\/akademiaspoleczenstwaotwartego.pl\/wp-content\/uploads\/2023\/03\/Screenshot-2023-03-19-at-19.55.52.png 872w\" sizes=\"(max-width: 297px) 100vw, 297px\" \/><\/h3>\n<h3 style=\"text-align: center;\"><strong><b>DEMOKRACJA NA CZARN\u0104 GODZIN\u0118 <\/b><\/strong><\/h3>\n<p style=\"text-align: center;\"><strong>Nasz Go\u015b\u0107<\/strong> : Profesor <strong>Wojciech<\/strong> <strong>Sadurski<\/strong>.<\/p>\n<p style=\"text-align: center;\"><span style=\"font-weight: 600;\">\u00a0<\/span>23 Marca 2023;\u00a0godz. 18.00<\/p>\n<p class=\"p1\">Profesor Sadurski jest prawnikiem, filozofem, politologiem oraz publicyst\u0105 i komentatorem politycznym. Jest mi\u0119dzy innymi profesorem filozofii prawa na Uniwersytetu w Sydney. W\u015br\u00f3d wielu funkcji mo\u017cna wymieni\u0107, \u017ce zasiada w Radzie Programowej Polityczno-Prawnej im. Alexisa de Tocqueville\u2019a, w szeregu mi\u0119dzynarodowych kolegiach redakcyjnych czasopism naukowych oraz jest cz\u0142onkiem rady programowej Archiwum im. Wiktora Osiaty\u0144skiego. Jest r\u00f3wnie\u017c autorem wielu ksi\u0105\u017cek oraz artyku\u0142\u00f3w naukowych z zakresu filozofii prawa, konstytucjonalizmu por\u00f3wnawczego i filozofii politycznej, mi\u0119dzy innymi Polski kryzys konstytucyjny (2020) oraz najnowsz\u0105 pozycj\u0119 pt. Demokracja na czarn\u0105 godzin\u0119 (2022). W swoim wyk\u0142adzie profesor Sadurski poruszy\u0142 m.in. tematy, kt\u00f3re s\u0105 zawarte w jego najnowszej ksi\u0105\u017cce, o kt\u00f3rej w swojej recenzji napisa\u0142 red. Jaros\u0142aw Kurski: \u201cWojciech Sadurski w latach pisowskiego mroku pozostaje jasnym \u015bwiat\u0142em. Ma\u0142o jest dzi\u015b os\u00f3b o takiej cywilnej odwadze. T\u0119 ksi\u0105\u017ck\u0119 ka\u017cdy \u015bwiadomy obywatel powinien mie\u0107, czyta\u0107 i nosi\u0107 w sercu\u201d.<\/p>\n<p class=\"p1\">(fot. TVN24)<\/p>","protected":false},"excerpt":{"rendered":"<p>\u00a0 \u00a0 Doceni\u0107 r\u00f3\u017cnorodno\u015b\u0107 ludzkiego \u015bwiata, czyli matematyka m\u0105drzejsza od matematyka \u00a0 Nasz Go\u015b\u0107 : Profesor\u00a0TOMASZ SZAREK KIEDY? \u00a0 \u00a0<\/p>\n","protected":false},"author":2,"featured_media":0,"parent":0,"menu_order":0,"comment_status":"closed","ping_status":"closed","template":"","meta":[],"aioseo_notices":[],"_links":{"self":[{"href":"https:\/\/akademiaspoleczenstwaotwartego.pl\/index.php?rest_route=\/wp\/v2\/pages\/207"}],"collection":[{"href":"https:\/\/akademiaspoleczenstwaotwartego.pl\/index.php?rest_route=\/wp\/v2\/pages"}],"about":[{"href":"https:\/\/akademiaspoleczenstwaotwartego.pl\/index.php?rest_route=\/wp\/v2\/types\/page"}],"author":[{"embeddable":true,"href":"https:\/\/akademiaspoleczenstwaotwartego.pl\/index.php?rest_route=\/wp\/v2\/users\/2"}],"replies":[{"embeddable":true,"href":"https:\/\/akademiaspoleczenstwaotwartego.pl\/index.php?rest_route=%2Fwp%2Fv2%2Fcomments&post=207"}],"version-history":[{"count":47,"href":"https:\/\/akademiaspoleczenstwaotwartego.pl\/index.php?rest_route=\/wp\/v2\/pages\/207\/revisions"}],"predecessor-version":[{"id":474,"href":"https:\/\/akademiaspoleczenstwaotwartego.pl\/index.php?rest_route=\/wp\/v2\/pages\/207\/revisions\/474"}],"wp:attachment":[{"href":"https:\/\/akademiaspoleczenstwaotwartego.pl\/index.php?rest_route=%2Fwp%2Fv2%2Fmedia&parent=207"}],"curies":[{"name":"wp","href":"https:\/\/api.w.org\/{rel}","templated":true}]}}