{"id":2,"date":"2022-09-30T07:46:00","date_gmt":"2022-09-30T07:46:00","guid":{"rendered":"http:\/\/akademiaspoleczenstwaotwartego.pl\/?page_id=2"},"modified":"2023-02-03T19:59:27","modified_gmt":"2023-02-03T18:59:27","slug":"sample-page","status":"publish","type":"page","link":"https:\/\/akademiaspoleczenstwaotwartego.pl\/?page_id=2","title":{"rendered":"O nas"},"content":{"rendered":"\n<p class=\"has-large-font-size\"><strong>Akademia Spo\u0142ecze\u0144stwa Otwartego<\/strong><\/p>\n\n\n<div class=\"wp-block-image\">\n<figure class=\"aligncenter size-full is-resized\"><img decoding=\"async\" loading=\"lazy\" src=\"https:\/\/akademiaspoleczenstwaotwartego.pl\/wp-content\/uploads\/2023\/02\/12063818_1052726868103500_8754254772382908619_n.jpg\" alt=\"\" class=\"wp-image-283\" width=\"352\" height=\"262\" srcset=\"https:\/\/akademiaspoleczenstwaotwartego.pl\/wp-content\/uploads\/2023\/02\/12063818_1052726868103500_8754254772382908619_n.jpg 960w, https:\/\/akademiaspoleczenstwaotwartego.pl\/wp-content\/uploads\/2023\/02\/12063818_1052726868103500_8754254772382908619_n-300x224.jpg 300w, https:\/\/akademiaspoleczenstwaotwartego.pl\/wp-content\/uploads\/2023\/02\/12063818_1052726868103500_8754254772382908619_n-768x573.jpg 768w\" sizes=\"(max-width: 352px) 100vw, 352px\" \/><\/figure><\/div>\n\n\n<p>Akademia Spo\u0142ecze\u0144stwa Otwartego to inicjatywa edukacyjna pomorskiego regionu Komitetu Obrony Demokracji. U jej pod\u0142o\u017ca le\u017cy przekonanie, \u017ce wiele naszych wsp\u00f3\u0142czesnych problem\u00f3w bierze si\u0119 z braku wiedzy i edukacji, w tym zw\u0142aszcza edukacji obywatelskiej. Ucze\u0144 polskiej szko\u0142y nie dowiaduje si\u0119, jak funkcjonuje nowoczesne spo\u0142ecze\u0144stwo, czym jest wolno\u015b\u0107 s\u0142owa i jakie s\u0105 jej ograniczenia, na czym polega rzetelno\u015b\u0107 dziennikarska, jak si\u0119 porusza\u0107 w g\u0105szczu medi\u00f3w tradycyjnych i spo\u0142eczno\u015bciowych, czym jest tr\u00f3jpodzia\u0142 w\u0142adzy i dlaczego jest on wa\u017cny, jak i dlaczego nale\u017cy dba\u0107 o \u015brodowisko naturalne i jaki jest jego zwi\u0105zek z demokracj\u0105, czym s\u0105 prawa cz\u0142owieka, czym s\u0105 prawa mniejszo\u015bci. M\u00f3wi\u0105c kr\u00f3tko, polski system edukacyjny nie uczy wsp\u00f3\u0142czesnego \u015bwiata,&nbsp; a przeprowadzane ostatnio zmiany w polskiej szkole zmierzaj\u0105 do tego, \u017ce m\u0142odzi ludzie, karmieni archaiczn\u0105 bogoojczy\u017anian\u0105 propagand\u0105, b\u0119d\u0105 w jeszcze mniejszym stopniu przygotowani do stawienia czo\u0142a wyzwaniom wsp\u00f3\u0142czesno\u015bci. Do tego, w polskiej historii ostatnich 200 lat, zdominowanej przez okresy podleg\u0142o\u015bci i rz\u0105d\u00f3w autorytarnych, nie bardzo by\u0142o kiedy wprawia\u0107 si\u0119 w trudnej sztuce budowania spo\u0142ecze\u0144stwa otwartego, opartego na rz\u0105dach prawa, ograniczaj\u0105cego samowol\u0119 rz\u0105dz\u0105cych, dumnego z tego we w\u0142asnej przesz\u0142o\u015bci, z czego dumnym by\u0107 nale\u017cy, lecz nie uchylaj\u0105cego si\u0119 od rozmowy o sprawach trudnych, szanuj\u0105cego ludzi w ca\u0142ej ich r\u00f3\u017cnorodno\u015bci, niezale\u017cnie od ich przynale\u017cno\u015bci narodowej, rasy, zamo\u017cno\u015bci, wyznawanej religii czy orientacji seksualnej. W efekcie pewna cz\u0119\u015b\u0107 polskiego spo\u0142ecze\u0144stwa ci\u0105\u017cy ku pa\u0144stwu autorytarnemu, a inna odczuwa zam\u0119t i niepewno\u015b\u0107. Temu w\u0142a\u015bnie ma zaradzi\u0107 \u2013 na miar\u0119 mo\u017cliwo\u015bci \u2013 Akademia Spo\u0142ecze\u0144stwa Otwartego. Jest to cykl spotka\u0144, wyk\u0142ad\u00f3w i dyskusji po\u015bwi\u0119conych kluczowym aspektom funkcjonowania spo\u0142ecze\u0144stwa otwartego. W pierwszej ods\u0142onie, kt\u00f3ra odbywa\u0142a si\u0119 wiosn\u0105 2021, przeprowadzili\u015bmy \u0142\u0105cznie 19 spotka\u0144 po\u015bwi\u0119conych takim kwestiom jak media, praworz\u0105dno\u015b\u0107, przeciwdzia\u0142anie wykluczeniu, ekologia czy historia najnowsza. W\u015br\u00f3d naszych wyk\u0142adowc\u00f3w by\u0142y takie osoby jak Tadeusz S\u0142awek, Jerzy Zajad\u0142o, Anna Machnikowska, Magdalena \u015aroda, Adam Michnik, i inni. W drugim semestrze, wiosn\u0105 roku 2022, tematem przewodnim by\u0142a kondycja wsp\u00f3\u0142czesnego spo\u0142ecze\u0144stwa polskiego. Zastanawiali\u015bmy si\u0119, jak zdefiniowa\u0107 nar\u00f3d, zw\u0142aszcza w dobie globalizacji i masowych migracji, a tak\u017ce, jacy jeste\u015bmy my, Polacy. Omawiali\u015bmy takie kwestie jak: nasz stosunek do ludzi innych wyzna\u0144, narod\u00f3w, grup etnicznych; stereotypy narodowe; modele wychowania patriotycznego; spos\u00f3b nauczania historii; kanon lektur szkolnych i ich wp\u0142yw na to\u017csamo\u015b\u0107 narodow\u0105; nawyki j\u0119zykowe i ich znaczenie dla rozumienia \u015bwiata;&nbsp; polska praca. Bie\u017c\u0105ca sytuacja sprawi\u0142a te\u017c, \u017ce w wielu wyk\u0142adach pojawi\u0142y si\u0119 w\u0105tki ukrai\u0144skie. W\u015br\u00f3d wyk\u0142adowc\u00f3w w tej ods\u0142onie znale\u017ali si\u0119, mi\u0119dzy innymi, profesorowie Marta Koval, Magdalena \u015aroda, Micha\u0142 Rusinek, Cezary Olbracht-Pr\u0105dzy\u0144ski, Stefan Chwin, a tak\u017ce Adam Balcer, Ma\u0142gorzata Antuszewicz, Lena Kukli\u0144ska, Micha\u0142 Lewandowski, Beata Pawlik, Piotr Kuropatwi\u0144ski, i inne znamienite osoby. Obecnie trwa Semestr III a  przygotowywany jest kolejny semestr Akademii na wiosn\u0119 2023.<\/p>\n\n\n\n<p><\/p>\n\n\n\n<p><\/p>\n","protected":false},"excerpt":{"rendered":"<p>Akademia Spo\u0142ecze\u0144stwa Otwartego Akademia Spo\u0142ecze\u0144stwa Otwartego to inicjatywa edukacyjna pomorskiego regionu Komitetu Obrony Demokracji. U jej pod\u0142o\u017ca le\u017cy przekonanie, \u017ce<\/p>\n","protected":false},"author":1,"featured_media":0,"parent":0,"menu_order":0,"comment_status":"closed","ping_status":"open","template":"","meta":[],"aioseo_notices":[],"_links":{"self":[{"href":"https:\/\/akademiaspoleczenstwaotwartego.pl\/index.php?rest_route=\/wp\/v2\/pages\/2"}],"collection":[{"href":"https:\/\/akademiaspoleczenstwaotwartego.pl\/index.php?rest_route=\/wp\/v2\/pages"}],"about":[{"href":"https:\/\/akademiaspoleczenstwaotwartego.pl\/index.php?rest_route=\/wp\/v2\/types\/page"}],"author":[{"embeddable":true,"href":"https:\/\/akademiaspoleczenstwaotwartego.pl\/index.php?rest_route=\/wp\/v2\/users\/1"}],"replies":[{"embeddable":true,"href":"https:\/\/akademiaspoleczenstwaotwartego.pl\/index.php?rest_route=%2Fwp%2Fv2%2Fcomments&post=2"}],"version-history":[{"count":6,"href":"https:\/\/akademiaspoleczenstwaotwartego.pl\/index.php?rest_route=\/wp\/v2\/pages\/2\/revisions"}],"predecessor-version":[{"id":285,"href":"https:\/\/akademiaspoleczenstwaotwartego.pl\/index.php?rest_route=\/wp\/v2\/pages\/2\/revisions\/285"}],"wp:attachment":[{"href":"https:\/\/akademiaspoleczenstwaotwartego.pl\/index.php?rest_route=%2Fwp%2Fv2%2Fmedia&parent=2"}],"curies":[{"name":"wp","href":"https:\/\/api.w.org\/{rel}","templated":true}]}}