{"id":163,"date":"2022-12-27T09:58:58","date_gmt":"2022-12-27T08:58:58","guid":{"rendered":"https:\/\/akademiaspoleczenstwaotwartego.pl\/?page_id=163"},"modified":"2023-01-03T17:15:06","modified_gmt":"2023-01-03T16:15:06","slug":"polityka-prywatnosci","status":"publish","type":"page","link":"https:\/\/akademiaspoleczenstwaotwartego.pl\/?page_id=163","title":{"rendered":"Polityka prywatno\u015bci"},"content":{"rendered":"<p><a href=\"https:\/\/ruchkod.pl\/wp-content\/uploads\/2022\/05\/Polityka-Prywatnosci-Stowarzyszenia_2022.pdf\"><b>POLITYKA PRYWATNO\u015aCI STOWARZYSZENIA KOD \/ PDF<\/b><\/a><\/p>\n<p><b>POLITYKA PRYWATNO\u015aCI KOMITETU OBRONY DEMOKRACJI<\/b><\/p>\n<p><b>\u00a0 \u00a0 \u00a0 I. INFORMACJE OG\u00d3LNE<\/b><\/p>\n<ol>\n<li>Administratorem danych osobowych, kt\u00f3rych zasady przetwarzania opisujemy w tym dokumencie, jest Stowarzyszenie Komitet Obrony Demokracji z siedzib\u0105 w Warszawie (01-144) przy ul. G\u00f3rczewskiej 39 wpisane do Rejestru Stowarzysze\u0144, Innych Organizacji Spo\u0142ecznych i Zawodowych, Fundacji oraz Samodzielnych Publicznych Zak\u0142ad\u00f3w Opieki Zdrowotnej za numerem KRS: 0000604562, NIP: 5252649748, REGON: 363863027, zwane dalej \u201eStowarzyszeniem\u201d.<\/li>\n<li>Niniejsza polityka prywatno\u015bci stanowi spe\u0142nienie obowi\u0105zku, o kt\u00f3rym mowa w art. 13 i art. 14 Rozporz\u0105dzenia Parlamentu Europejskiego i Rady (UE) 2016\/679 z dnia 27 kwietnia 2016 r. w sprawie ochrony os\u00f3b fizycznych w zwi\u0105zku z przetwarzaniem danych osobowych i w sprawie swobodnego przep\u0142ywu takich danych oraz uchylenia dyrektywy 95\/46\/WE (og\u00f3lne rozporz\u0105dzenie o ochronie danych), zwanego dalej: \u201eRODO\u201d. W polityce prywatno\u015bci wskazujemy grupy os\u00f3b, kt\u00f3rych dane gromadzimy, oraz wyja\u015bniamy, w jakich celach to robimy, na jakiej podstawie prawnej oraz jak d\u0142ugo je przechowujemy. Informujemy r\u00f3wnie\u017c, jakie prawa przys\u0142uguj\u0105 osobom, kt\u00f3rych dane przetwarzamy.<\/li>\n<li>Stowarzyszenie Komitet Obrony Demokracji przetwarza wy\u0142\u0105cznie dane osobowe niezb\u0119dne do prowadzenia swojej dzia\u0142alno\u015bci statutowej. Wszelkie dane osobowe pozyskiwane w ramach dzia\u0142alno\u015bci Stowarzyszenia gromadzone s\u0105 wy\u0142\u0105cznie w celu i zakresie niezb\u0119dnym do prowadzonej dzia\u0142alno\u015bci. Stowarzyszenie dok\u0142ada wszelkich stara\u0144, aby dane osobowe by\u0142y przetwarzane zgodnie z przepisami prawa, a w szczeg\u00f3lno\u015bci, aby by\u0142y nale\u017cycie chronione.<br \/>\n.<br \/>\n<b>II. KONTAKT Z ADMINISTRATOREM<\/b><\/li>\n<li>W sprawach dotycz\u0105cych danych osobowych oraz w ka\u017cdej sprawie dotycz\u0105cej niniejszej Polityki Prywatno\u015bci mo\u017cna skonsultowa\u0107 si\u0119 z Administratorem w nast\u0119puj\u0105cy spos\u00f3b:<br \/>\n\u2013 mailowo pod adresem: rodo@ruchkod.pl<br \/>\n\u2013 listownie na adres: ul. G\u00f3rczewska 39, 01-144 Warszawa<br \/>\n.<br \/>\n<b>III. PRAWA OS\u00d3B, KT\u00d3RYCH DANE PRZETWARZAMY<\/b><\/li>\n<li>Stowarzyszenie dba, aby wszystkie prawa podmiot\u00f3w danych przyznane przez przepisy prawa by\u0142y nale\u017cycie i bezzw\u0142ocznie realizowane. Ka\u017cdy podmiot danych w celu realizacji swoich praw mo\u017ce skontaktowa\u0107 si\u0119 ze Stowarzyszeniem z wykorzystaniem danych kontaktowych wskazanych w pkt 4 powy\u017cej.<\/li>\n<li>W ramach swoich uprawnie\u0144, ka\u017cdy podmiot danych ma prawo do:<br \/>\n\u2022 uzyskania informacji na temat przetwarzania jego danych osobowych, w tym o kategoriach przetwarzanych danych i odbiorcach danych;<br \/>\n\u2022 \u017c\u0105dania skorygowania nieprawid\u0142owych lub uzupe\u0142nienia niekompletnych danych osobowych;<br \/>\n\u2022 \u017c\u0105dania usuni\u0119cia lub ograniczenia przetwarzania danych osobowych;<br \/>\n\u2022 z\u0142o\u017cenia sprzeciwu wzgl\u0119dem przetwarzania jego danych osobowych;<br \/>\n\u2022 otrzymania kopii swoich danych oraz do przenoszenia danych osobowych do innego administratora.<\/li>\n<li>Osoby, kt\u00f3rych dane przetwarzamy na podstawie naszego prawnie uzasadnionego interesu (np. w przypadku wysy\u0142ki podzi\u0119kowa\u0144 osobom wspieraj\u0105cym nas darowiznami, osobom przekazuj\u0105cym 1% podatku), mog\u0105 zg\u0142osi\u0107 sprzeciw, o\u015bwiadczaj\u0105c, \u017ce nie \u017cycz\u0105 sobie, by\u015bmy w ten spos\u00f3b wykorzystywali ich dane.<\/li>\n<li>Je\u015bli przetwarzamy dane w celu realizacji umowy polegaj\u0105cej na wysy\u0142ce wcze\u015bniej zam\u00f3wionych materia\u0142\u00f3w w formie Newslettera KOD, w ka\u017cdej chwili mo\u017cna z niej zrezygnowa\u0107. Je\u015bli przetwarzamy dane na podstawie zgody, mo\u017cna j\u0105 w ka\u017cdej chwili wycofa\u0107.<\/li>\n<li>W celu uczynienia zado\u015b\u0107 zasadzie rozliczalno\u015bci Administrator ma prawo zachowa\u0107 dane pozwalaj\u0105ce na identyfikacj\u0119 osoby, kt\u00f3rej wniosek doprowadzi\u0142 do usuni\u0119cia jej danych osobowych oraz okoliczno\u015bci, w jakich wniosek zosta\u0142 z\u0142o\u017cony.<\/li>\n<li>Ka\u017cdy podmiot danych ma prawo do z\u0142o\u017cenia skargi do organu nadzorczego \u2013 Prezesa Urz\u0119du Ochrony Danych Osobowych, ul. Stawki 2, 00 \u2013 193 Warszawa \u2013 w przypadku uznania, \u017ce jego dane osobowe s\u0105 przetwarzane niezgodnie z prawem.<br \/>\n.<br \/>\n<b>IV. KOMU POWIERZAMY DANE<\/b><\/li>\n<li>Dane osobowe mog\u0105 zosta\u0107 udost\u0119pnione podmiotom, kt\u00f3re \u015bwiadcz\u0105 na rzecz Stowarzyszenia us\u0142ugi administracyjno-techniczne (m.in. zewn\u0119trzne firmy informatyczne, kurierskie, kadrowe oraz ksi\u0119gowe).<\/li>\n<li>Dane osobowe mog\u0105 by\u0107 r\u00f3wnie\u017c przekazywane podmiotom wsp\u00f3\u0142pracuj\u0105cym ze Stowarzyszeniem przy organizacji szkole\u0144, wyk\u0142ad\u00f3w, konferencji, debat i innych imprez publicznych.<\/li>\n<li>W ka\u017cdym przypadku Stowarzyszenie dok\u0142ada najwy\u017cszej staranno\u015bci, aby dane osobowe by\u0142y przekazywane wy\u0142\u0105cznie w zakresie niezb\u0119dnym do osi\u0105gni\u0119cia zamierzonego celu oraz aby przekazywanie danych odbywa\u0142o si\u0119 zgodnie z przepisami prawa, w tym w ramach umowy powierzenia przetwarzania danych osobowych.<\/li>\n<li>Stowarzyszenie nie przekazuje danych osobowych do pa\u0144stw trzecich.<br \/>\n.<br \/>\n<b>V. KATEGORIE DANYCH OSOBOWYCH ORAZ CEL I PODSTAWA PRZETWARZANIA<\/b><br \/>\n<b>[DANE OSOBOWE CZ\u0141ONK\u00d3W STOWARZYSZENIA]<\/b><\/li>\n<li>Cz\u0142onkowie Stowarzyszenia przekazuj\u0105 Administratorowi swoje dane osobowe w celu przyst\u0105pienia do Stowarzyszenie poprzez z\u0142o\u017cenie deklaracji cz\u0142onkowskiej w wersji papierowej lub poprzez korzystanie z serwisu internetowego Administratora. Podanie swoich danych osobowych jest konieczne i wynika z ustawy Prawo o stowarzyszeniach. Dane osobowe s\u0105 przetwarzane na podstawie przepis\u00f3w prawa (podstawa art. 6 ust. 1 lit c RODO), tj. ustawy z 7 kwietnia 1989 r. Prawo o stowarzyszeniach. Niepodanie tych danych skutkuje nieprzyj\u0119ciem w poczet cz\u0142onk\u00f3w Stowarzyszenia.<\/li>\n<li>Administrator przetwarza dane osobowe zbierane w celach wskazanych poni\u017cej, na podstawie prawnie uzasadnionego interesu Stowarzyszenia (podstawa art. 6 ust. 1 lit f RODO), kt\u00f3rym jest:<br \/>\n1) wysy\u0142anie zawiadomie\u0144,<br \/>\n2) kontaktowanie si\u0119 w celach realizacji dzia\u0142a\u0144 okre\u015blonych Statutem Stowarzyszenia,<br \/>\n3) monitoring rozlicze\u0144 p\u0142atno\u015bci sk\u0142adek cz\u0142onkowskich,<br \/>\n4) przeprowadzanie analiz statystycznych,<br \/>\n5) obs\u0142uga pr\u00f3\u015bb i wniosk\u00f3w cz\u0142onk\u00f3w Stowarzyszenia i innych u\u017cytkownik\u00f3w portalu,<br \/>\n6) przechowywania danych dla cel\u00f3w archiwizacyjnych oraz uczynienia zado\u015b\u0107 zasadzie rozliczalno\u015bci (wykazania spe\u0142nienia przez Stowarzyszenie obowi\u0105zk\u00f3w wynikaj\u0105cych z przepis\u00f3w prawa).<\/li>\n<li>Po rezygnacji z cz\u0142onkostwa Stowarzyszenie przechowuje dane osobowe by\u0142ych cz\u0142onk\u00f3w Stowarzyszenia w nast\u0119puj\u0105cych celach:<br \/>\n1) wykonania obowi\u0105zk\u00f3w wynikaj\u0105cych z przepis\u00f3w prawa,<br \/>\n2) statystycznych i archiwizacyjnych.<br \/>\nDane osobowe, o kt\u00f3rych mowa w punkcie 15 s\u0105 przechowywane maksymalnie przez okres 10 lat od dnia rezygnacji z cz\u0142onkostwa w Stowarzyszeniu, chyba \u017ce interes prawny Stowarzyszenia pozwoli na ich wcze\u015bniejsze usuni\u0119cie.<br \/>\n<b>.<br \/>\n[DANE OSOBOWE DARCZY\u0143C\u00d3W]<\/b><\/li>\n<li>Jednym ze \u017ar\u00f3de\u0142 finansowania Stowarzyszenia s\u0105 darowizny dokonywane przelewem bankowym na rachunek bankowy Stowarzyszenia, system Paypal, system platnosci.ngo.pl lub poprzez platformy internetowych zbi\u00f3rek publicznych, takich jak zrzutka.pl. W przypadku przekazania na rzecz Stowarzyszenia darowizny w formie przelewu bankowego, Stowarzyszenie pozyskuje dane osobowe darczy\u0144c\u00f3w (os\u00f3b fizycznych) obejmuj\u0105ce: imi\u0119 i nazwisko, numer rachunku bankowego oraz adres. Podstaw\u0105 prawn\u0105 przetwarzania danych osobowych przez Stowarzyszenie w takich przypadkach jest wype\u0142nienie obowi\u0105zk\u00f3w prawnych ci\u0105\u017c\u0105cych na administratorze danych, wynikaj\u0105cych w szczeg\u00f3lno\u015bci z przepis\u00f3w ustawy o rachunkowo\u015bci (art. 6 ust. 1 lit c RODO).<\/li>\n<li>Stowarzyszenie przechowuje dane darczy\u0144c\u00f3w przez okres niezb\u0119dny do realizacji przez Stowarzyszenie obowi\u0105zk\u00f3w prawnych w tym podatkowych, ksi\u0119gowych, rachunkowych i sprawozdawczych. Okres ten nie jest d\u0142u\u017cszy ni\u017c 5 lat od ko\u0144ca roku kalendarzowego, w kt\u00f3rym Stowarzyszenie otrzyma\u0142o ostatni\u0105 darowizn\u0119.<\/li>\n<li>Dodatkowe informacje podane w tytule przelewu (np. adres e-mail) przetwarzamy na podstawie naszego prawnie uzasadnionego interesu administratora (art. 6 ust. 1 lit f RODO), tj. w celu wys\u0142ania podzi\u0119kowa\u0144 za wsparcie oraz kontaktu z darczy\u0144cami. W tym samym celu wykorzystujemy r\u00f3wnie\u017c adresy z przelew\u00f3w bankowych os\u00f3b przekazuj\u0105cych nam darowizny. Raz\/dwa razy w roku wysy\u0142amy im podzi\u0119kowania za wsparcie Stowarzyszenia. Je\u015bli nie \u017cyczysz sobie takiej formy kontaktu z naszej strony, w tytule przelewu dopisz \u201eBrak adresu\u201d lub wy\u015blij sw\u00f3j sprzeciw (np. o tre\u015bci \u201eNie wysy\u0142ajcie mi poczt\u0105 podzi\u0119kowa\u0144 za wsparcie\u201d) na adres: rodo@ruchkod.pl. Mo\u017cemy te\u017c kierowa\u0107 korespondencj\u0119 na adres inny ni\u017c widniej\u0105cy na przelewie lub kontaktowa\u0107 si\u0119 z Tob\u0105 e-mailem \u2013 w takim przypadku r\u00f3wnie\u017c prosimy o kontakt lub wpisanie adresu e-mail w tytule przelewu.<br \/>\n<b>.<br \/>\n[DANE OSOBOWE OS\u00d3B PRZEKAZUJ\u0104CYCH 1% PODATKU]<\/b><\/li>\n<li>Od urz\u0119du skarbowego otrzymujemy dane os\u00f3b, kt\u00f3re przekaza\u0142y nam 1% podatku i zaznaczy\u0142y w formularzu PIT zgod\u0119 na przekazanie nam swoich danych. S\u0105 to: imi\u0119 i nazwisko podatniczki lub podatnika, adres, wysoko\u015b\u0107 przekazanej kwoty podatku, dane wsp\u00f3\u0142ma\u0142\u017conka\/-ki \u2013 w przypadku wsp\u00f3lnego rozliczania podatku \u2013 oraz ewentualne dodatkowe informacje zamieszczone w rubryce formularza PIT dotycz\u0105cej 1%. Dane przetwarzamy na podstawie naszego prawnie uzasadnionego interesu administratora (art. 6 ust. 1 lit f RODO), tj. w celu podzi\u0119kowania za wsparcie oraz kontaktu z darczy\u0144cami. Dane przetwarzane s\u0105 r\u00f3wnie\u017c w zwi\u0105zku z realizacj\u0105 obowi\u0105zk\u00f3w wynikaj\u0105cych z przepis\u00f3w prawa, tj. obowi\u0105zk\u00f3w wynikaj\u0105cych z przepis\u00f3w o rachunkowo\u015bci i sprawozdawczo\u015bci (art. 6 ust. 1 lit c RODO).<\/li>\n<li>Je\u015bli nie \u017cyczysz sobie, \u017ceby\u015bmy przetwarzali Twoje dane w tym celu, nie zgadzaj si\u0119 na przekazywanie nam ich przy okazji kolejnego rozliczenia podatku. Je\u015bli ju\u017c je przekaza\u0142e\u015b\/-a\u015b, ale zmieni\u0142e\u015b\/-a\u015b zdanie, wy\u015blij sw\u00f3j sprzeciw na adres: rodo@ruchkod.pl.<br \/>\n<b>.<br \/>\n[DANE OSOBOWE U\u017bYTKOWNICZEK I U\u017bYTKOWNIK\u00d3W STRON INTERNETOWYCH, W SZCZG\u00d3LNO\u015aCI RUCHKOD.PL, OKW.INFO.PL, MANIFESTACJE.PL]<\/b><\/li>\n<li>\u00a0Za po\u015brednictwem naszych stron internetowych zbieramy dane tylko w takim zakresie, w jakim jest to niezb\u0119dne do zarz\u0105dzania tymi stronami, zapewnienia sprawnego dzia\u0142ania oferowanych w ich ramach funkcjonalno\u015bci oraz analizowania skuteczno\u015bci komunikacji.<\/li>\n<li>Podstaw\u0105 prawn\u0105 przetwarzania danych osobowych u\u017cytkownik\u00f3w strony internetowej jest prawnie uzasadniony interes Stowarzyszenia jako administratora danych osobowych (art. 6 ust. 1 lit f RODO), polegaj\u0105cy na prowadzeniu strony internetowej oraz jej popularyzacja oraz jej rozwoju i dostosowania do potrzeb u\u017cytkownik\u00f3w.<\/li>\n<li>W ramach funkcjonowania strony internetowej, z wykorzystaniem odpowiednich narz\u0119dzi (w szczeg\u00f3lno\u015bci z wykorzystaniem plik\u00f3w cookies i narz\u0119dzi do analizy ruchu) gromadzone s\u0105 informacje o: lokalizacji u\u017cytkownik\u00f3w (miasto), adresie IP, domenie, urz\u0105dzeniu. Pozyskane dane nie s\u0105 zestawiane z innymi danymi z baz danych Stowarzyszenia, a celem Stowarzyszenia nie jest mo\u017cliwo\u015b\u0107 identyfikacji u\u017cytkownik\u00f3w strony www, lecz jej ulepszanie i optymalizacja. Szczeg\u00f3\u0142owe informacje na temat stosowania plik\u00f3w cookies znajduj\u0105 si\u0119 w pkt VI poni\u017cej.<br \/>\n<b>.<br \/>\n[DANE SUBSKRYBENTEK I SUBSKRYBENT\u00d3W \u201eNEWSLETTERA KOD\u201d]<\/b><\/li>\n<li>Przetwarzamy adresy e-mail subskrybentek i subskrybent\u00f3w \u201eNewsletteru KOD\u201d w celu wysy\u0142ania zam\u00f3wionych informacji. Subskrypcja us\u0142ugi jest dobrowolna i nast\u0119puje poprzez podanie adresu e-mail, na kt\u00f3ry ma by\u0107 wysy\u0142any Newsletter KOD oraz poprzez z\u0142o\u017cenie o\u015bwiadczenia o akceptacji jej zasad poprzez klikni\u0119cie okienka \u201eZapozna\u0142em si\u0119 z Polityk\u0105 Prywatno\u015bci, akceptuj\u0119 jej zasady, zgadzam si\u0119 na przetwarzanie moich danych osobowych przez Stowarzyszenie KOD i zapisuj\u0119 si\u0119 na subskrypcj\u0119 us\u0142ugi Newsletter KOD\u201d. Niepodanie adresu e-mail uniemo\u017cliwia wykonywanie tej us\u0142ugi przez Stowarzyszenie.<\/li>\n<li>Dane osobowe subskrybent\u00f3w przetwarzane s\u0105 w celu \u015bwiadczenia us\u0142ug wysy\u0142ania informacji \u201eNewsletter\u201d na podstawie art. 6 ust. 1 lit b RODO).<\/li>\n<li>Subskrybenci us\u0142ugi Newsletter KOD mog\u0105 w ka\u017cdej chwili zrezygnowa\u0107 z us\u0142ugi klikaj\u0105c w link rezygnacji w stopce Newsletteru lub z\u0142o\u017cenie o\u015bwiadczenia o rezygnacji. O\u015bwiadczenie w tym przedmiocie mo\u017cna z\u0142o\u017cy\u0107 poprzez wys\u0142anie wiadomo\u015bci elektronicznej na adres: rodo@ruchkod.pl<b>.<br \/>\n.<br \/>\n[DANE OSOBOWE OBSERWATOR\u00d3W OKW]<\/b><\/li>\n<li>Rejestracja kandydata na Obserwatora OKW (Obywatelska Kontrola Wybor\u00f3w) jest dobrowolna i odbywa si\u0119 poprzez wype\u0142nienie formularza zg\u0142oszeniowego KOD na stronie okw.info.pl. Dane potrzebne do rejestracji (imi\u0119, nazwisko, adres email, numer telefonu, kod pocztowy) s\u0105 niezb\u0119dne w celu umo\u017cliwienia realizacji obserwacji, w tym dalszej komunikacji z obserwatorem, utworzenia konta i nadania loginu i has\u0142a do indywidualnego profilu Obserwatora OKW, wydania za\u015bwiadczenia oraz optymalnego przydzielenia komisji wyborczej.<\/li>\n<li>Przetwarzanie powy\u017cszych danych jest niezb\u0119dne do wykonania zadania realizowanego w interesie publicznym (art. 6 ust. 1 lit e RODO) wynikaj\u0105cych w szczeg\u00f3lno\u015bci z przepis\u00f3w Kodeksu Wyborczego (Art. 103c). Podstawa prawna przetwarzania danych osobowych obserwator\u00f3w wynika r\u00f3wnie\u017c z przepis\u00f3w prawa (art. 6 ust. 1 lit. c RODO), tj. art. 103 c ustawy \u2013 Kodeks wyborczy.<\/li>\n<li>Zarejestrowany Obserwator OKW mo\u017ce dobrowolnie okre\u015bli\u0107 preferencje dotycz\u0105cych czasu i miejsca obserwacji (np. pory dnia lub wyra\u017cenie ch\u0119ci pomocy w transporcie do miejsca obserwacji) poprzez indywidualny profil Obserwatora OKW, do kt\u00f3rego indywidualny login i has\u0142o otrzyma\u0142 drog\u0105 mailow\u0105 po dokonaniu rejestracji i skutecznej weryfikacji adresu email.<\/li>\n<li>Obserwator OKW mo\u017ce ka\u017cdorazowo edytowa\u0107 swoje dane i preferencje loguj\u0105c si\u0119 do swojego indywidualnego profilu Obserwatora OKW.<\/li>\n<li>Obserwator mo\u017ce wyrazi\u0107 zgod\u0119 na udost\u0119pnienie swojego imienia i numeru telefonu innym obserwatorom OKW przypisanym do tej samej komisji w celu koordynacji i organizacji pracy na kilka dni przed wyborami. Zgod\u0119 t\u0119 mo\u017ce wycofa\u0107 loguj\u0105c si\u0119 do indywidualnego profilu Obserwatora OKW. Podstawa prawn\u0105 jest w\u00f3wczas art. 6 ust. 1 lit a RODO). Stowarzyszenie przechowuje dane obserwator\u00f3w OKW przez okres niezb\u0119dny do realizacji obserwacji. Po dokonaniu rezygnacji dane s\u0105 niezw\u0142ocznie usuwane. Rezygnacji mo\u017cna dokona\u0107 poprzez indywidulny profil Obserwatora OKW lub wysy\u0142aj\u0105c \u017c\u0105danie usuni\u0119cia danych na adres rodo@ruchkod.pl. Po up\u0142ywnie 5 lat od ostatniego uczestnictwa w obserwacji wybor\u00f3w dane s\u0105 usuwane.<br \/>\n<b>.<br \/>\n[DANE UCZESTNIK\u00d3W SZKOLE\u0143 I WYDARZE\u0143 ORGANIZOWANYCH PRZEZ STOWARZYSZENIE]<\/b><\/li>\n<li>\u00a0Stowarzyszenie przetwarza dane osobowe os\u00f3b uczestnicz\u0105cych w wydarzeniach organizowanych przez Stowarzyszenie (uczestnicy wyk\u0142ad\u00f3w, spotka\u0144, warsztat\u00f3w, spotka\u0144 prasowych).<\/li>\n<li>Dane osobowe, obejmuj\u0105ce imi\u0119 i nazwisko, numer telefonu, adres e-mail, informacje o reprezentowanej organizacji przekazywane przez te osoby, s\u0105 przetwarzane do chwili wyra\u017cenia sprzeciwu wobec przetwarzania danych osobowych lub zg\u0142oszenia \u017c\u0105dania ich usuni\u0119cia.<\/li>\n<li>Uczestnicy szkole\u0144 dobrowolnie wyra\u017caj\u0105 ch\u0119\u0107 uczestnictwa poprzez wype\u0142nienie formularza rejestracyjnego na stronie manifestacje.pl, drog\u0105 mailow\u0105 lub bezpo\u015brednio w siedzibie Stowarzyszenia.<\/li>\n<li>Podstaw\u0105 prawn\u0105 przetwarzania danych osobowych jest prawnie uzasadniony interes Stowarzyszenia jako administratora danych polegaj\u0105cy na mo\u017cliwo\u015bci utrzymania kontaktu i informowania o dzia\u0142aniach Stowarzyszenia oraz organizowanych wydarzeniach (art. 6 ust. 1 lit f RODO).<br \/>\n<b>.<br \/>\n[DANE OS\u00d3B KOMUNIKUJ\u0104CYCH SI\u0118 PRZEZ PORTALE SPO\u0141ECZNO\u015aCIOWE]<\/b><\/li>\n<li>Stowarzyszenie prowadzi sw\u00f3j oficjalny profil w serwisie spo\u0142eczno\u015bciowym Facebook (<a href=\"https:\/\/www.facebook.com\/KomitetObronyDemokracji\">https:\/\/www.facebook.com\/KomitetObronyDemokracji<\/a>), profile Regionalnych Oddzia\u0142\u00f3w Stowarzyszenia oraz w serwisie Twitter (<a href=\"https:\/\/twitter.com\/Kom_Obr_Dem\">https:\/\/twitter.com\/Kom_Obr_Dem<\/a>). Ka\u017cdy z serwis\u00f3w jest administratorem danych osobowych jego u\u017cytkownik\u00f3w, jednak\u017ce z chwil\u0105 kontaktu z oficjalnym profilem Stowarzyszenia poprzez polubienie lub obserwowanie profilu lub poprzez jakiekolwiek inne kontakty ze Stowarzyszeniem w ramach profilu, Stowarzyszenie staje si\u0119 odr\u0119bnym administratorem danych osobowych.<\/li>\n<li>Podstaw\u0105 prawn\u0105 przetwarzania danych osobowych u\u017cytkownik\u00f3w ww. serwis\u00f3w w ramach profilu Stowarzyszenia lub kontaktuj\u0105cych si\u0119 ze Stowarzyszeniem za po\u015brednictwem tych serwis\u00f3w jest prawnie uzasadniony interes Stowarzyszenia jako administratora danych osobowych (art. 6 ust. 1 lit f RODO), polegaj\u0105cy na utrzymaniu relacji, odpowiedzi na pytania i komentarze, jak r\u00f3wnie\u017c badanie zainteresowania i ruchu na profilu Stowarzyszenia.<\/li>\n<li>Stowarzyszenie nie \u0142\u0105czy danych uzyskanych u\u017cytkownik\u00f3w serwis\u00f3w spo\u0142eczno\u015bciowych z innymi danymi, w posiadaniu kt\u00f3rych znajduje si\u0119 b\u0105d\u017a mo\u017ce si\u0119 znale\u017a\u0107. Dane w ten spos\u00f3b pozyskane nie b\u0119d\u0105 przekazywane do innych podmiot\u00f3w.<br \/>\n<b>.<br \/>\n[DANE OS\u00d3B KORZYSTAJ\u0104CYCH Z KANA\u0141\u00d3W KOMUNIKACJI NIEPUBLICZNEJ]<\/b><\/li>\n<li>Stowarzyszenie przetwarza r\u00f3wnie\u017c dane osobowe os\u00f3b kontaktuj\u0105cych si\u0119 ze Stowarzyszeniem w bie\u017c\u0105cych sprawach (za po\u015brednictwem telefonu lub poczty elektronicznej) oraz dane osobowe os\u00f3b, z kt\u00f3rymi Stowarzyszenie kontaktuje si\u0119 w celu pozyskania sponsor\u00f3w, zainteresowania dzia\u0142alno\u015bci Stowarzyszenia lub realizacji cel\u00f3w statutowych Stowarzyszenia.<\/li>\n<li>Podstaw\u0105 prawn\u0105 przetwarzania danych osobowych jest prawnie uzasadniony interes Stowarzyszenia jako administratora danych (art. 6 ust. 1 lit. f RODO), polegaj\u0105cy na mo\u017cliwo\u015bci nawi\u0105zania i kontynuowania wsp\u00f3\u0142pracy i utrzymywaniu relacji z takimi osobami oraz odpowiedzi na pytania tych os\u00f3b.<\/li>\n<li>Dane osobowe, obejmuj\u0105ce imi\u0119 i nazwisko, numer telefonu, adres e-mail, oraz inne informacje przekazywane przez te osoby, s\u0105 przetwarzane przez okres utrzymywania relacji lub zako\u0144czenia sprawy lub do chwili wyra\u017cenia sprzeciwu wobec przetwarzania danych osobowych lub zg\u0142oszenia \u017c\u0105dania ich usuni\u0119cia.<\/li>\n<li>Przy okazji organizacji niekt\u00f3rych wydarze\u0144 pytamy dodatkowo o zgod\u0119 na informowanie o innych inicjatywach o podobnym charakterze poprzez wysy\u0142k\u0119 sms na podany numer telefonu. Osoba, kt\u00f3ra j\u0105 wyrazi\u0142a, mo\u017ce j\u0105 w ka\u017cdej chwili wycofa\u0107, ma te\u017c prawo \u017c\u0105dania przeniesienia swoich danych.<br \/>\n<b>.<br \/>\nVI. INFORMACJE O PLIKACH COOKIES<br \/>\n<\/b><\/li>\n<li>W ramach prowadzenia strony internetowej Stowarzyszenie korzysta z plik\u00f3w cookies (\u201eciasteczka\u201d). Pliki cookies to dane informatyczne, w szczeg\u00f3lno\u015bci pliki tekstowe, kt\u00f3re przechowywane s\u0105 w urz\u0105dzeniu ko\u0144cowym u\u017cytkownika i przeznaczone s\u0105 do korzystania ze stron internetowych witryny.<\/li>\n<li>U\u017cytkownik mo\u017ce zrezygnowa\u0107 ze zbierania plik\u00f3w cookies, wybieraj\u0105c odpowiednie ustawienia przegl\u0105darki, z kt\u00f3rej korzysta, jednak w takim przypadku korzystanie z wszystkich funkcji witryny mo\u017ce okaza\u0107 si\u0119 niemo\u017cliwe lub znacznie utrudnione.<\/li>\n<li>Pliki cookies wykorzystywane s\u0105 w szczeg\u00f3lno\u015bci w celu:<br \/>\n\u2212 dostosowania zawarto\u015bci stron internetowych strony Stowarzyszenia do preferencji U\u017cytkownika oraz optymalizacji korzystania z niej; w szczeg\u00f3lno\u015bci pliki te pozwalaj\u0105 rozpozna\u0107 urz\u0105dzenie u\u017cytkownika i odpowiednio wy\u015bwietli\u0107 stron\u0119 internetow\u0105, dostosowan\u0105 do jego indywidualnych potrzeb;<br \/>\n\u2212 tworzenia statystyk, kt\u00f3re pomagaj\u0105 zrozumie\u0107, w jaki spos\u00f3b u\u017cytkownicy strony Stowarzyszenia korzystaj\u0105 ze stron internetowych, co umo\u017cliwia ulepszanie ich struktury i zawarto\u015bci.<\/li>\n<li>Pliki cookies wykorzystywane przez Stowarzyszenie w ramach prowadzonych stron internetowych obejmuj\u0105:<br \/>\n\u2212 cookies niezb\u0119dne dla prawid\u0142owego funkcjonowania witryny;<br \/>\n\u2212 cookies pami\u0119taj\u0105ce ustawienia strony;<br \/>\n\u2212 cookies wykorzystywane do analizy ruchu na stronie.<\/li>\n<li>Stowarzyszenie nie b\u0119dzie \u0142\u0105czy\u0142o uzyskanych z plik\u00f3w cookies danych i informacji o u\u017cytkownikach strony z \u017cadnymi innymi danymi, w posiadaniu kt\u00f3rych znajduje lub mo\u017ce si\u0119 znale\u017a\u0107. Dane z plik\u00f3w cookies nie b\u0119d\u0105 przekazywane do innych podmiot\u00f3w.<\/li>\n<li>Pliki cookies zbieraj\u0105 dane o sposobie korzystania ze stron Stowarzyszenia o systemie operacyjnym, o adresie protoko\u0142u internetowego (IP), a tak\u017ce o rodzaju i wersji przegl\u0105darki. Zbierane s\u0105 tak\u017ce informacje o klikanych linkach i przegl\u0105danych tre\u015bciach, czasie przebywania na poszczeg\u00f3lnych witrynach oraz interakcji z nimi.<\/li>\n<li>U\u017cytkownicy mog\u0105 kontrolowa\u0107 zakres dzia\u0142ania plik\u00f3w cookies poprzez ustawienia swojej przegl\u0105darki \u2013 decyduj\u0105c, kt\u00f3re pliki przegl\u0105darka b\u0119dzie akceptowa\u0107, a kt\u00f3re odrzuca\u0107. Odrzucenie niezb\u0119dnych plik\u00f3w cookies mo\u017ce uniemo\u017cliwi\u0107 lub utrudni\u0107 korzystanie ze wszystkich lub niekt\u00f3rych funkcjonalno\u015bci Serwisu<\/li>\n<li>Pliki cookies zamieszczane w urz\u0105dzeniu ko\u0144cowym U\u017cytkownika Serwisu i wykorzystywane mog\u0105 by\u0107 r\u00f3wnie\u017c przez wsp\u00f3\u0142pracuj\u0105cych z operatorem Serwisu partner\u00f3w.<\/li>\n<li>Wi\u0119cej informacji na temat plik\u00f3w cookies dost\u0119pnych jest pod adresem\u00a0<a href=\"http:\/\/wszystkoociasteczkach.pl\/\">http:\/\/wszystkoociasteczkach.pl<\/a>.<\/li>\n<\/ol>\n<p><b>JAK PRZEBIEGA KOMUNIKACJA MI\u0118DZY STOWARZYSZENIEM A JEGO CZ\u0141ONKAMI?<\/b><\/p>\n<p>Podstawowym kana\u0142em komunikacji w Stowarzyszeniu jest droga elektroniczna. Adres e-mail:\u00a0<a href=\"mailto:czlonkowie@ruchkod.pl\">?????<\/a><\/p>\n<p><b>Adres korespondencyjny:<\/b><br \/>\nStowarzyszenie Komitet Obrony Demokracji, ul. G\u00f3rczewska 39, 00-144 Warszawa<\/p>\n<p><b>Przydatne dokumenty i informacje<\/b><br \/>\n<a href=\"https:\/\/giodo.gov.pl\/pl\/569\/9276\">giodo.gov.pl\/pl\/569\/9276<\/a>\u00a0\u00a0\u2022\u00a0\u00a0<a href=\"https:\/\/www.ruchkod.pl\/dane-kontaktowe-kod\/\">www.ruchkod.pl\/dane-kontaktowe-kod\/<\/a><\/p>\n","protected":false},"excerpt":{"rendered":"<p>POLITYKA PRYWATNO\u015aCI STOWARZYSZENIA KOD \/ PDF POLITYKA PRYWATNO\u015aCI KOMITETU OBRONY DEMOKRACJI \u00a0 \u00a0 \u00a0 I. INFORMACJE OG\u00d3LNE Administratorem danych osobowych,<\/p>\n","protected":false},"author":2,"featured_media":0,"parent":0,"menu_order":0,"comment_status":"closed","ping_status":"closed","template":"","meta":[],"aioseo_notices":[],"_links":{"self":[{"href":"https:\/\/akademiaspoleczenstwaotwartego.pl\/index.php?rest_route=\/wp\/v2\/pages\/163"}],"collection":[{"href":"https:\/\/akademiaspoleczenstwaotwartego.pl\/index.php?rest_route=\/wp\/v2\/pages"}],"about":[{"href":"https:\/\/akademiaspoleczenstwaotwartego.pl\/index.php?rest_route=\/wp\/v2\/types\/page"}],"author":[{"embeddable":true,"href":"https:\/\/akademiaspoleczenstwaotwartego.pl\/index.php?rest_route=\/wp\/v2\/users\/2"}],"replies":[{"embeddable":true,"href":"https:\/\/akademiaspoleczenstwaotwartego.pl\/index.php?rest_route=%2Fwp%2Fv2%2Fcomments&post=163"}],"version-history":[{"count":2,"href":"https:\/\/akademiaspoleczenstwaotwartego.pl\/index.php?rest_route=\/wp\/v2\/pages\/163\/revisions"}],"predecessor-version":[{"id":171,"href":"https:\/\/akademiaspoleczenstwaotwartego.pl\/index.php?rest_route=\/wp\/v2\/pages\/163\/revisions\/171"}],"wp:attachment":[{"href":"https:\/\/akademiaspoleczenstwaotwartego.pl\/index.php?rest_route=%2Fwp%2Fv2%2Fmedia&parent=163"}],"curies":[{"name":"wp","href":"https:\/\/api.w.org\/{rel}","templated":true}]}}