{"id":101,"date":"2022-10-14T07:34:59","date_gmt":"2022-10-14T06:34:59","guid":{"rendered":"https:\/\/akademiaspoleczenstwaotwartego.pl\/?page_id=101"},"modified":"2023-02-03T20:00:13","modified_gmt":"2023-02-03T19:00:13","slug":"jak-dolaczyc-do-wykladu-na-zywo","status":"publish","type":"page","link":"https:\/\/akademiaspoleczenstwaotwartego.pl\/?page_id=101","title":{"rendered":"Jak do\u0142\u0105czy\u0107 do wyk\u0142adu?"},"content":{"rendered":"\n<p>Najlepiej jest do\u0142\u0105czy\u0107 bezpo\u015brednio do transmisji na \u017cywo w Microsoft Teams. <br>Wystarczy przegl\u0105darka i dost\u0119p do Internetu, nie trzeba mie\u0107 konta, nie trzeba si\u0119 logowa\u0107.<br>Zerknijcie <a href=\"https:\/\/sway.office.com\/t1ErmNcUhzPIG5Mv\" target=\"_blank\" rel=\"noopener\" title=\"\">prosz\u0119 tutaj<\/a> do kr\u00f3tkiej obrazkowej instrukcji.<br>Wyk\u0142ady s\u0105 rejestrowane i dost\u0119pne 6 miesi\u0119cy od dnia zdarzenia pod tym samy adresem (linkiem) co zdarzenie). Po p\u00f3\u0142 roku filmy z wyk\u0142adem s\u0105 dost\u0119pne<a href=\"https:\/\/akademiaspoleczenstwaotwartego.pl\/?page_id=42\" target=\"_blank\" rel=\"noopener\" title=\"Galeria wyk\u0142ad\u00f3w\"> tutaj na naszej stronie<\/a>. S\u0105 przechowywane w archiwum Stowarzyszenia Wiedzy Obywatelskiej z kt\u00f3rym wsp\u00f3\u0142pracujemy.<\/p>\n","protected":false},"excerpt":{"rendered":"<p>Najlepiej jest do\u0142\u0105czy\u0107 bezpo\u015brednio do transmisji na \u017cywo w Microsoft Teams. Wystarczy przegl\u0105darka i dost\u0119p do Internetu, nie trzeba mie\u0107<\/p>\n","protected":false},"author":2,"featured_media":275,"parent":0,"menu_order":0,"comment_status":"closed","ping_status":"closed","template":"","meta":[],"aioseo_notices":[],"_links":{"self":[{"href":"https:\/\/akademiaspoleczenstwaotwartego.pl\/index.php?rest_route=\/wp\/v2\/pages\/101"}],"collection":[{"href":"https:\/\/akademiaspoleczenstwaotwartego.pl\/index.php?rest_route=\/wp\/v2\/pages"}],"about":[{"href":"https:\/\/akademiaspoleczenstwaotwartego.pl\/index.php?rest_route=\/wp\/v2\/types\/page"}],"author":[{"embeddable":true,"href":"https:\/\/akademiaspoleczenstwaotwartego.pl\/index.php?rest_route=\/wp\/v2\/users\/2"}],"replies":[{"embeddable":true,"href":"https:\/\/akademiaspoleczenstwaotwartego.pl\/index.php?rest_route=%2Fwp%2Fv2%2Fcomments&post=101"}],"version-history":[{"count":4,"href":"https:\/\/akademiaspoleczenstwaotwartego.pl\/index.php?rest_route=\/wp\/v2\/pages\/101\/revisions"}],"predecessor-version":[{"id":195,"href":"https:\/\/akademiaspoleczenstwaotwartego.pl\/index.php?rest_route=\/wp\/v2\/pages\/101\/revisions\/195"}],"wp:featuredmedia":[{"embeddable":true,"href":"https:\/\/akademiaspoleczenstwaotwartego.pl\/index.php?rest_route=\/wp\/v2\/media\/275"}],"wp:attachment":[{"href":"https:\/\/akademiaspoleczenstwaotwartego.pl\/index.php?rest_route=%2Fwp%2Fv2%2Fmedia&parent=101"}],"curies":[{"name":"wp","href":"https:\/\/api.w.org\/{rel}","templated":true}]}}